{"id":10891,"date":"2022-03-15T12:27:45","date_gmt":"2022-03-15T11:27:45","guid":{"rendered":"https:\/\/redesign.kuren.ch\/?page_id=10891"},"modified":"2022-05-17T08:23:25","modified_gmt":"2022-05-17T06:23:25","slug":"cures","status":"publish","type":"page","link":"https:\/\/www.kuren.ch\/fr\/cures\/","title":{"rendered":"Cures"},"content":{"rendered":"<p>Un s\u00e9jour dans l&#8217;une de nos maisons de cure est le moyen le plus rapide et le plus agr\u00e9able de r\u00e9int\u00e9grer votre vie quotidienne. Nos \u00e9tablissements proposent des soins sur mesure, un suivi hautement professionnel et un environnement accueillant, dans un cadre h\u00f4telier.<\/p>\n","protected":false},"excerpt":{"rendered":"<p>Un s\u00e9jour dans l&#8217;une de nos maisons de cure est le moyen le plus rapide et le plus agr\u00e9able de r\u00e9int\u00e9grer votre vie quotidienne. Nos \u00e9tablissements proposent des soins sur mesure, un suivi hautement professionnel et un environnement accueillant, dans un cadre h\u00f4telier.<\/p>\n","protected":false},"author":43,"featured_media":0,"parent":0,"menu_order":0,"comment_status":"closed","ping_status":"closed","template":"t-category.php","meta":{"_acf_changed":false,"footnotes":""},"class_list":["post-10891","page","type-page","status-publish","hentry"],"acf":[],"yoast_head":"<!-- This site is optimized with the Yoast SEO plugin v27.3 - https:\/\/yoast.com\/product\/yoast-seo-wordpress\/ -->\n<title>Cures - Heilb\u00e4der und Kurh\u00e4user Schweiz<\/title>\n<meta name=\"robots\" content=\"index, follow, max-snippet:-1, max-image-preview:large, max-video-preview:-1\" \/>\n<link rel=\"canonical\" href=\"https:\/\/www.kuren.ch\/fr\/cures\/\" \/>\n<meta property=\"og:locale\" content=\"fr_FR\" \/>\n<meta property=\"og:type\" content=\"article\" \/>\n<meta property=\"og:title\" content=\"Cures - Heilb\u00e4der und Kurh\u00e4user Schweiz\" \/>\n<meta property=\"og:description\" content=\"Un s\u00e9jour dans l&#8217;une de nos maisons de cure est le moyen le plus rapide et le plus agr\u00e9able de r\u00e9int\u00e9grer votre vie quotidienne. Nos \u00e9tablissements proposent des soins sur mesure, un suivi hautement professionnel et un environnement accueillant, dans un cadre h\u00f4telier.\" \/>\n<meta property=\"og:url\" content=\"https:\/\/www.kuren.ch\/fr\/cures\/\" \/>\n<meta property=\"og:site_name\" content=\"Heilb\u00e4der und Kurh\u00e4user Schweiz\" \/>\n<meta property=\"article:publisher\" content=\"https:\/\/www.facebook.com\/KurenSchweiz\/\" \/>\n<meta property=\"article:modified_time\" content=\"2022-05-17T06:23:25+00:00\" \/>\n<meta name=\"twitter:card\" content=\"summary_large_image\" \/>\n<script type=\"application\/ld+json\" class=\"yoast-schema-graph\">{\"@context\":\"https:\\\/\\\/schema.org\",\"@graph\":[{\"@type\":\"WebPage\",\"@id\":\"https:\\\/\\\/www.kuren.ch\\\/fr\\\/cures\\\/\",\"url\":\"https:\\\/\\\/www.kuren.ch\\\/fr\\\/cures\\\/\",\"name\":\"Cures - Heilb\u00e4der und Kurh\u00e4user Schweiz\",\"isPartOf\":{\"@id\":\"https:\\\/\\\/www.kuren.ch\\\/fr\\\/#website\"},\"datePublished\":\"2022-03-15T11:27:45+00:00\",\"dateModified\":\"2022-05-17T06:23:25+00:00\",\"breadcrumb\":{\"@id\":\"https:\\\/\\\/www.kuren.ch\\\/fr\\\/cures\\\/#breadcrumb\"},\"inLanguage\":\"fr-FR\",\"potentialAction\":[{\"@type\":\"ReadAction\",\"target\":[\"https:\\\/\\\/www.kuren.ch\\\/fr\\\/cures\\\/\"]}]},{\"@type\":\"BreadcrumbList\",\"@id\":\"https:\\\/\\\/www.kuren.ch\\\/fr\\\/cures\\\/#breadcrumb\",\"itemListElement\":[{\"@type\":\"ListItem\",\"position\":1,\"name\":\"Startseite\",\"item\":\"https:\\\/\\\/www.kuren.ch\\\/fr\\\/\"},{\"@type\":\"ListItem\",\"position\":2,\"name\":\"Cures\"}]},{\"@type\":\"WebSite\",\"@id\":\"https:\\\/\\\/www.kuren.ch\\\/fr\\\/#website\",\"url\":\"https:\\\/\\\/www.kuren.ch\\\/fr\\\/\",\"name\":\"Heilb\u00e4der und Kurh\u00e4user Schweiz\",\"description\":\"Ihre direkte Verbindung zu mehr und neuer Lebensfreude\",\"publisher\":{\"@id\":\"https:\\\/\\\/www.kuren.ch\\\/fr\\\/#organization\"},\"potentialAction\":[{\"@type\":\"SearchAction\",\"target\":{\"@type\":\"EntryPoint\",\"urlTemplate\":\"https:\\\/\\\/www.kuren.ch\\\/fr\\\/?s={search_term_string}\"},\"query-input\":{\"@type\":\"PropertyValueSpecification\",\"valueRequired\":true,\"valueName\":\"search_term_string\"}}],\"inLanguage\":\"fr-FR\"},{\"@type\":\"Organization\",\"@id\":\"https:\\\/\\\/www.kuren.ch\\\/fr\\\/#organization\",\"name\":\"Heilb\u00e4der und Kurh\u00e4user Schweiz\",\"url\":\"https:\\\/\\\/www.kuren.ch\\\/fr\\\/\",\"logo\":{\"@type\":\"ImageObject\",\"inLanguage\":\"fr-FR\",\"@id\":\"https:\\\/\\\/www.kuren.ch\\\/fr\\\/#\\\/schema\\\/logo\\\/image\\\/\",\"url\":false,\"contentUrl\":false,\"width\":118,\"height\":147,\"caption\":\"Heilb\u00e4der und Kurh\u00e4user Schweiz\"},\"image\":{\"@id\":\"https:\\\/\\\/www.kuren.ch\\\/fr\\\/#\\\/schema\\\/logo\\\/image\\\/\"},\"sameAs\":[\"https:\\\/\\\/www.facebook.com\\\/KurenSchweiz\\\/\",\"https:\\\/\\\/www.instagram.com\\\/heilbaeder_kurhaeuser\\\/\"]}]}<\/script>\n<!-- \/ Yoast SEO plugin. -->","yoast_head_json":{"title":"Cures - Heilb\u00e4der und Kurh\u00e4user Schweiz","robots":{"index":"index","follow":"follow","max-snippet":"max-snippet:-1","max-image-preview":"max-image-preview:large","max-video-preview":"max-video-preview:-1"},"canonical":"https:\/\/www.kuren.ch\/fr\/cures\/","og_locale":"fr_FR","og_type":"article","og_title":"Cures - Heilb\u00e4der und Kurh\u00e4user Schweiz","og_description":"Un s\u00e9jour dans l&#8217;une de nos maisons de cure est le moyen le plus rapide et le plus agr\u00e9able de r\u00e9int\u00e9grer votre vie quotidienne. Nos \u00e9tablissements proposent des soins sur mesure, un suivi hautement professionnel et un environnement accueillant, dans un cadre h\u00f4telier.","og_url":"https:\/\/www.kuren.ch\/fr\/cures\/","og_site_name":"Heilb\u00e4der und Kurh\u00e4user Schweiz","article_publisher":"https:\/\/www.facebook.com\/KurenSchweiz\/","article_modified_time":"2022-05-17T06:23:25+00:00","twitter_card":"summary_large_image","schema":{"@context":"https:\/\/schema.org","@graph":[{"@type":"WebPage","@id":"https:\/\/www.kuren.ch\/fr\/cures\/","url":"https:\/\/www.kuren.ch\/fr\/cures\/","name":"Cures - Heilb\u00e4der und Kurh\u00e4user Schweiz","isPartOf":{"@id":"https:\/\/www.kuren.ch\/fr\/#website"},"datePublished":"2022-03-15T11:27:45+00:00","dateModified":"2022-05-17T06:23:25+00:00","breadcrumb":{"@id":"https:\/\/www.kuren.ch\/fr\/cures\/#breadcrumb"},"inLanguage":"fr-FR","potentialAction":[{"@type":"ReadAction","target":["https:\/\/www.kuren.ch\/fr\/cures\/"]}]},{"@type":"BreadcrumbList","@id":"https:\/\/www.kuren.ch\/fr\/cures\/#breadcrumb","itemListElement":[{"@type":"ListItem","position":1,"name":"Startseite","item":"https:\/\/www.kuren.ch\/fr\/"},{"@type":"ListItem","position":2,"name":"Cures"}]},{"@type":"WebSite","@id":"https:\/\/www.kuren.ch\/fr\/#website","url":"https:\/\/www.kuren.ch\/fr\/","name":"Heilb\u00e4der und Kurh\u00e4user Schweiz","description":"Ihre direkte Verbindung zu mehr und neuer Lebensfreude","publisher":{"@id":"https:\/\/www.kuren.ch\/fr\/#organization"},"potentialAction":[{"@type":"SearchAction","target":{"@type":"EntryPoint","urlTemplate":"https:\/\/www.kuren.ch\/fr\/?s={search_term_string}"},"query-input":{"@type":"PropertyValueSpecification","valueRequired":true,"valueName":"search_term_string"}}],"inLanguage":"fr-FR"},{"@type":"Organization","@id":"https:\/\/www.kuren.ch\/fr\/#organization","name":"Heilb\u00e4der und Kurh\u00e4user Schweiz","url":"https:\/\/www.kuren.ch\/fr\/","logo":{"@type":"ImageObject","inLanguage":"fr-FR","@id":"https:\/\/www.kuren.ch\/fr\/#\/schema\/logo\/image\/","url":false,"contentUrl":false,"width":118,"height":147,"caption":"Heilb\u00e4der und Kurh\u00e4user Schweiz"},"image":{"@id":"https:\/\/www.kuren.ch\/fr\/#\/schema\/logo\/image\/"},"sameAs":["https:\/\/www.facebook.com\/KurenSchweiz\/","https:\/\/www.instagram.com\/heilbaeder_kurhaeuser\/"]}]}},"_links":{"self":[{"href":"https:\/\/www.kuren.ch\/fr\/wp-json\/wp\/v2\/pages\/10891\/"}],"collection":[{"href":"https:\/\/www.kuren.ch\/fr\/wp-json\/wp\/v2\/pages\/"}],"about":[{"href":"https:\/\/www.kuren.ch\/fr\/wp-json\/wp\/v2\/types\/page\/"}],"author":[{"embeddable":true,"href":"https:\/\/www.kuren.ch\/fr\/wp-json\/wp\/v2\/users\/43\/"}],"replies":[{"embeddable":true,"href":"https:\/\/www.kuren.ch\/fr\/wp-json\/wp\/v2\/comments\/?post=10891"}],"version-history":[{"count":6,"href":"https:\/\/www.kuren.ch\/fr\/wp-json\/wp\/v2\/pages\/10891\/revisions\/"}],"predecessor-version":[{"id":14307,"href":"https:\/\/www.kuren.ch\/fr\/wp-json\/wp\/v2\/pages\/10891\/revisions\/14307\/"}],"wp:attachment":[{"href":"https:\/\/www.kuren.ch\/fr\/wp-json\/wp\/v2\/media\/?parent=10891"}],"curies":[{"name":"wp","href":"https:\/\/api.w.org\/{rel}","templated":true}]}}