{"id":36,"date":"2016-10-17T15:30:18","date_gmt":"2016-10-17T13:30:18","guid":{"rendered":"https:\/\/kuren.ch\/betriebe\/?page_id=36"},"modified":"2025-08-12T16:03:12","modified_gmt":"2025-08-12T14:03:12","slug":"heilbaeder-und-kurhaeuser-schweiz","status":"publish","type":"page","link":"https:\/\/www.kuren.ch\/de\/verband\/heilbaeder-und-kurhaeuser-schweiz\/","title":{"rendered":"Aufgaben und Ziele des Verbands"},"content":{"rendered":"\t\t<div data-elementor-type=\"wp-page\" data-elementor-id=\"36\" class=\"elementor elementor-36\" data-elementor-post-type=\"page\">\n\t\t\t\t<div class=\"elementor-element elementor-element-2ec5d9c e-con-full e-flex e-con e-parent\" data-id=\"2ec5d9c\" data-element_type=\"container\" data-e-type=\"container\">\n\t\t<div class=\"elementor-element elementor-element-4b5c0e3 e-con-full e-flex e-con e-child\" data-id=\"4b5c0e3\" data-element_type=\"container\" data-e-type=\"container\">\n\t\t\t\t<div class=\"elementor-element elementor-element-e69dc3c small-content elementor-widget elementor-widget-text-editor\" data-id=\"e69dc3c\" data-element_type=\"widget\" data-e-type=\"widget\" data-widget_type=\"text-editor.default\">\n\t\t\t\t<div class=\"elementor-widget-container\">\n\t\t\t\t\t\t\t\t\t<p>G\u00e4ste finden bei den Mitgliedbetrieben zur\u00fcck in den Alltag nach Krankheit und Operation, entspannen und erholen sich oder lassen sich bei verschiedenen Aktivit\u00e4ten und Anwendungen verw\u00f6hnen.<\/p>\t\t\t\t\t\t\t\t<\/div>\n\t\t\t\t<\/div>\n\t\t\t\t<div class=\"elementor-element elementor-element-cdb7eb0 small-content elementor-widget elementor-widget-text-editor\" data-id=\"cdb7eb0\" data-element_type=\"widget\" data-e-type=\"widget\" data-widget_type=\"text-editor.default\">\n\t\t\t\t<div class=\"elementor-widget-container\">\n\t\t\t\t\t\t\t\t\t<p>Die Schweizer Heilb\u00e4der und Kurh\u00e4user sind im Segment Rehabilitation und Kuren sowie mit pr\u00e4ventiven Angeboten im Gesundheitsmarkt pr\u00e4sent.<\/p>\t\t\t\t\t\t\t\t<\/div>\n\t\t\t\t<\/div>\n\t\t\t\t<div class=\"elementor-element elementor-element-bbe1d1f small-content elementor-widget elementor-widget-text-editor\" data-id=\"bbe1d1f\" data-element_type=\"widget\" data-e-type=\"widget\" data-widget_type=\"text-editor.default\">\n\t\t\t\t<div class=\"elementor-widget-container\">\n\t\t\t\t\t\t\t\t\t<p>Die Schweizer Heilb\u00e4der und Kurh\u00e4user grenzen sich gegen\u00fcber dem Wellnesstourismus mit haupts\u00e4chlich gesundheitlichen Angeboten ab.<\/p>\t\t\t\t\t\t\t\t<\/div>\n\t\t\t\t<\/div>\n\t\t\t\t<div class=\"elementor-element elementor-element-fdc92af small-content elementor-widget elementor-widget-text-editor\" data-id=\"fdc92af\" data-element_type=\"widget\" data-e-type=\"widget\" data-widget_type=\"text-editor.default\">\n\t\t\t\t<div class=\"elementor-widget-container\">\n\t\t\t\t\t\t\t\t\t<p>Kurh\u00e4user sind integraler Teil der Behandlungskette: <br \/>Akutspital \u2192 Reha \u2192 Kur \u2192 Spitex (ambulante Betreuung) oder A\u00dcP.<\/p>\t\t\t\t\t\t\t\t<\/div>\n\t\t\t\t<\/div>\n\t\t\t\t<div class=\"elementor-element elementor-element-092d93a small-content elementor-widget elementor-widget-text-editor\" data-id=\"092d93a\" data-element_type=\"widget\" data-e-type=\"widget\" data-widget_type=\"text-editor.default\">\n\t\t\t\t<div class=\"elementor-widget-container\">\n\t\t\t\t\t\t\t\t\t<p>Die Schweizer Heilb\u00e4der und Kurh\u00e4user wollen mit wirtschaftlichen Angeboten eine Vorbildfunktion einnehmen mit dem Ziel der Kostend\u00e4mpfung im Gesundheitswesen.<\/p>\t\t\t\t\t\t\t\t<\/div>\n\t\t\t\t<\/div>\n\t\t\t\t<div class=\"elementor-element elementor-element-f8a0f2e small-content elementor-widget elementor-widget-text-editor\" data-id=\"f8a0f2e\" data-element_type=\"widget\" data-e-type=\"widget\" data-widget_type=\"text-editor.default\">\n\t\t\t\t<div class=\"elementor-widget-container\">\n\t\t\t\t\t\t\t\t\t<p>Die Schweizer Heilb\u00e4der und Kurh\u00e4user setzen sich f\u00fcr eine hohe Qualit\u00e4t ihrer Mitglieder und kontrollieren diese regelm\u00e4ssig.<\/p>\t\t\t\t\t\t\t\t<\/div>\n\t\t\t\t<\/div>\n\t\t\t\t<div class=\"elementor-element elementor-element-33814fd small-content elementor-widget elementor-widget-text-editor\" data-id=\"33814fd\" data-element_type=\"widget\" data-e-type=\"widget\" data-widget_type=\"text-editor.default\">\n\t\t\t\t<div class=\"elementor-widget-container\">\n\t\t\t\t\t\t\t\t\t<p>Die Mitglieder besitzen eine hohe volkswirtschaftliche Bedeutung durch das Schaffen von Arbeitspl\u00e4tzen auch in Randregionen und der F\u00f6rderung der Volksgesundheit mit pr\u00e4ventiven Angeboten.\u00a0<\/p>\t\t\t\t\t\t\t\t<\/div>\n\t\t\t\t<\/div>\n\t\t\t\t<\/div>\n\t\t<div class=\"elementor-element elementor-element-a07103c e-con-full e-flex e-con e-child\" data-id=\"a07103c\" data-element_type=\"container\" data-e-type=\"container\" data-settings=\"{&quot;background_background&quot;:&quot;classic&quot;}\">\n\t\t\t\t<div class=\"elementor-element elementor-element-9ed7689 small-content elementor-widget elementor-widget-text-editor\" data-id=\"9ed7689\" data-element_type=\"widget\" data-e-type=\"widget\" data-widget_type=\"text-editor.default\">\n\t\t\t\t<div class=\"elementor-widget-container\">\n\t\t\t\t\t\t\t\t\t<p><strong>Heilb\u00e4der und Kurh\u00e4user Schweiz setzt sich insbesondere ein f\u00fcr<\/strong><\/p>\t\t\t\t\t\t\t\t<\/div>\n\t\t\t\t<\/div>\n\t\t\t\t<div class=\"elementor-element elementor-element-4dcb254 small-content elementor-widget elementor-widget-text-editor\" data-id=\"4dcb254\" data-element_type=\"widget\" data-e-type=\"widget\" data-widget_type=\"text-editor.default\">\n\t\t\t\t<div class=\"elementor-widget-container\">\n\t\t\t\t\t\t\t\t\t<p>ein gesamtheitliches, verbessertes, rationelles Gesundheitswesen in der Schweiz<\/p>\t\t\t\t\t\t\t\t<\/div>\n\t\t\t\t<\/div>\n\t\t\t\t<div class=\"elementor-element elementor-element-70c6001 elementor-widget-divider--view-line elementor-widget elementor-widget-divider\" data-id=\"70c6001\" data-element_type=\"widget\" data-e-type=\"widget\" data-widget_type=\"divider.default\">\n\t\t\t\t<div class=\"elementor-widget-container\">\n\t\t\t\t\t\t\t<div class=\"elementor-divider\">\n\t\t\t<span class=\"elementor-divider-separator\">\n\t\t\t\t\t\t<\/span>\n\t\t<\/div>\n\t\t\t\t\t\t<\/div>\n\t\t\t\t<\/div>\n\t\t\t\t<div class=\"elementor-element elementor-element-6a742b3 small-content elementor-widget elementor-widget-text-editor\" data-id=\"6a742b3\" data-element_type=\"widget\" data-e-type=\"widget\" data-widget_type=\"text-editor.default\">\n\t\t\t\t<div class=\"elementor-widget-container\">\n\t\t\t\t\t\t\t\t\t<p>den Einbezug der angemessenen Meinungen, Interessen und Rechte der Patienten und G\u00e4ste, sowie diejenigen der Mitglieder bei allen Fragen der Gesundheitsvorsorge und Gesundheits-pflege<\/p>\t\t\t\t\t\t\t\t<\/div>\n\t\t\t\t<\/div>\n\t\t\t\t<div class=\"elementor-element elementor-element-807596b elementor-widget-divider--view-line elementor-widget elementor-widget-divider\" data-id=\"807596b\" data-element_type=\"widget\" data-e-type=\"widget\" data-widget_type=\"divider.default\">\n\t\t\t\t<div class=\"elementor-widget-container\">\n\t\t\t\t\t\t\t<div class=\"elementor-divider\">\n\t\t\t<span class=\"elementor-divider-separator\">\n\t\t\t\t\t\t<\/span>\n\t\t<\/div>\n\t\t\t\t\t\t<\/div>\n\t\t\t\t<\/div>\n\t\t\t\t<div class=\"elementor-element elementor-element-3969655 small-content elementor-widget elementor-widget-text-editor\" data-id=\"3969655\" data-element_type=\"widget\" data-e-type=\"widget\" data-widget_type=\"text-editor.default\">\n\t\t\t\t<div class=\"elementor-widget-container\">\n\t\t\t\t\t\t\t\t\t<p>die Unterst\u00fctzung der Mitglieder bei der Entwicklung und Vermarktung von nachgefragten Gesundheitsangeboten<\/p>\t\t\t\t\t\t\t\t<\/div>\n\t\t\t\t<\/div>\n\t\t\t\t<div class=\"elementor-element elementor-element-e109e2d elementor-widget-divider--view-line elementor-widget elementor-widget-divider\" data-id=\"e109e2d\" data-element_type=\"widget\" data-e-type=\"widget\" data-widget_type=\"divider.default\">\n\t\t\t\t<div class=\"elementor-widget-container\">\n\t\t\t\t\t\t\t<div class=\"elementor-divider\">\n\t\t\t<span class=\"elementor-divider-separator\">\n\t\t\t\t\t\t<\/span>\n\t\t<\/div>\n\t\t\t\t\t\t<\/div>\n\t\t\t\t<\/div>\n\t\t\t\t<div class=\"elementor-element elementor-element-ae84f2b small-content elementor-widget elementor-widget-text-editor\" data-id=\"ae84f2b\" data-element_type=\"widget\" data-e-type=\"widget\" data-widget_type=\"text-editor.default\">\n\t\t\t\t<div class=\"elementor-widget-container\">\n\t\t\t\t\t\t\t\t\t<p>die Transparenz in der Qualit\u00e4t, den Infrastrukturen, Angeboten und Dienst-leistungen der Mitglieder f\u00fcr Patienten und G\u00e4ste<\/p>\t\t\t\t\t\t\t\t<\/div>\n\t\t\t\t<\/div>\n\t\t\t\t<div class=\"elementor-element elementor-element-2b52493 elementor-widget-divider--view-line elementor-widget elementor-widget-divider\" data-id=\"2b52493\" data-element_type=\"widget\" data-e-type=\"widget\" data-widget_type=\"divider.default\">\n\t\t\t\t<div class=\"elementor-widget-container\">\n\t\t\t\t\t\t\t<div class=\"elementor-divider\">\n\t\t\t<span class=\"elementor-divider-separator\">\n\t\t\t\t\t\t<\/span>\n\t\t<\/div>\n\t\t\t\t\t\t<\/div>\n\t\t\t\t<\/div>\n\t\t\t\t<div class=\"elementor-element elementor-element-af11e3d small-content elementor-widget elementor-widget-text-editor\" data-id=\"af11e3d\" data-element_type=\"widget\" data-e-type=\"widget\" data-widget_type=\"text-editor.default\">\n\t\t\t\t<div class=\"elementor-widget-container\">\n\t\t\t\t\t\t\t\t\t<p>die F\u00f6rderung der Vielfalt der Gesund-heitsprogramme der einzelnen Mitglieder, dazu z\u00e4hlen auch neuere Methoden und Therapien der anerkannten Komplement\u00e4rmedizin.<\/p>\t\t\t\t\t\t\t\t<\/div>\n\t\t\t\t<\/div>\n\t\t\t\t<\/div>\n\t\t\t\t<\/div>\n\t\t\t\t<\/div>\n\t\t","protected":false},"excerpt":{"rendered":"<p>G\u00e4ste finden bei den Mitgliedbetrieben zur\u00fcck in den Alltag nach Krankheit und Operation, entspannen und erholen sich oder lassen sich bei verschiedenen Aktivit\u00e4ten und Anwendungen verw\u00f6hnen. Die Schweizer Heilb\u00e4der und Kurh\u00e4user sind im Segment Rehabilitation und Kuren sowie mit pr\u00e4ventiven Angeboten im Gesundheitsmarkt pr\u00e4sent. Die Schweizer Heilb\u00e4der und Kurh\u00e4user grenzen sich gegen\u00fcber dem Wellnesstourismus mit [&hellip;]<\/p>\n","protected":false},"author":43,"featured_media":0,"parent":11,"menu_order":0,"comment_status":"closed","ping_status":"closed","template":"t-service_with_introtext.php","meta":{"_acf_changed":false,"footnotes":""},"class_list":["post-36","page","type-page","status-publish","hentry"],"acf":[],"yoast_head":"<!-- This site is optimized with the Yoast SEO plugin v27.3 - https:\/\/yoast.com\/product\/yoast-seo-wordpress\/ -->\n<title>Aufgaben und Ziele des Verbands - Heilb\u00e4der und Kurh\u00e4user Schweiz<\/title>\n<meta name=\"robots\" content=\"index, follow, max-snippet:-1, max-image-preview:large, max-video-preview:-1\" \/>\n<link rel=\"canonical\" href=\"https:\/\/www.kuren.ch\/de\/verband\/heilbaeder-und-kurhaeuser-schweiz\/\" \/>\n<meta property=\"og:locale\" content=\"de_DE\" \/>\n<meta property=\"og:type\" content=\"article\" \/>\n<meta property=\"og:title\" content=\"Aufgaben und Ziele des Verbands - Heilb\u00e4der und Kurh\u00e4user Schweiz\" \/>\n<meta property=\"og:description\" content=\"G\u00e4ste finden bei den Mitgliedbetrieben zur\u00fcck in den Alltag nach Krankheit und Operation, entspannen und erholen sich oder lassen sich bei verschiedenen Aktivit\u00e4ten und Anwendungen verw\u00f6hnen. Die Schweizer Heilb\u00e4der und Kurh\u00e4user sind im Segment Rehabilitation und Kuren sowie mit pr\u00e4ventiven Angeboten im Gesundheitsmarkt pr\u00e4sent. Die Schweizer Heilb\u00e4der und Kurh\u00e4user grenzen sich gegen\u00fcber dem Wellnesstourismus mit [&hellip;]\" \/>\n<meta property=\"og:url\" content=\"https:\/\/www.kuren.ch\/de\/verband\/heilbaeder-und-kurhaeuser-schweiz\/\" \/>\n<meta property=\"og:site_name\" content=\"Heilb\u00e4der und Kurh\u00e4user Schweiz\" \/>\n<meta property=\"article:publisher\" content=\"https:\/\/www.facebook.com\/KurenSchweiz\/\" \/>\n<meta property=\"article:modified_time\" content=\"2025-08-12T14:03:12+00:00\" \/>\n<meta name=\"twitter:card\" content=\"summary_large_image\" \/>\n<meta name=\"twitter:label1\" content=\"Gesch\u00e4tzte Lesezeit\" \/>\n\t<meta name=\"twitter:data1\" content=\"2\u00a0Minuten\" \/>\n<script type=\"application\/ld+json\" class=\"yoast-schema-graph\">{\"@context\":\"https:\\\/\\\/schema.org\",\"@graph\":[{\"@type\":\"WebPage\",\"@id\":\"https:\\\/\\\/www.kuren.ch\\\/de\\\/verband\\\/heilbaeder-und-kurhaeuser-schweiz\\\/\",\"url\":\"https:\\\/\\\/www.kuren.ch\\\/de\\\/verband\\\/heilbaeder-und-kurhaeuser-schweiz\\\/\",\"name\":\"Aufgaben und Ziele des Verbands - Heilb\u00e4der und Kurh\u00e4user Schweiz\",\"isPartOf\":{\"@id\":\"https:\\\/\\\/www.kuren.ch\\\/de\\\/#website\"},\"datePublished\":\"2016-10-17T13:30:18+00:00\",\"dateModified\":\"2025-08-12T14:03:12+00:00\",\"breadcrumb\":{\"@id\":\"https:\\\/\\\/www.kuren.ch\\\/de\\\/verband\\\/heilbaeder-und-kurhaeuser-schweiz\\\/#breadcrumb\"},\"inLanguage\":\"de-DE\",\"potentialAction\":[{\"@type\":\"ReadAction\",\"target\":[\"https:\\\/\\\/www.kuren.ch\\\/de\\\/verband\\\/heilbaeder-und-kurhaeuser-schweiz\\\/\"]}]},{\"@type\":\"BreadcrumbList\",\"@id\":\"https:\\\/\\\/www.kuren.ch\\\/de\\\/verband\\\/heilbaeder-und-kurhaeuser-schweiz\\\/#breadcrumb\",\"itemListElement\":[{\"@type\":\"ListItem\",\"position\":1,\"name\":\"Startseite\",\"item\":\"https:\\\/\\\/www.kuren.ch\\\/de\\\/\"},{\"@type\":\"ListItem\",\"position\":2,\"name\":\"Verband\",\"item\":\"https:\\\/\\\/www.kuren.ch\\\/de\\\/verband\\\/\"},{\"@type\":\"ListItem\",\"position\":3,\"name\":\"Aufgaben und Ziele des Verbands\"}]},{\"@type\":\"WebSite\",\"@id\":\"https:\\\/\\\/www.kuren.ch\\\/de\\\/#website\",\"url\":\"https:\\\/\\\/www.kuren.ch\\\/de\\\/\",\"name\":\"Heilb\u00e4der und Kurh\u00e4user Schweiz\",\"description\":\"Ihre direkte Verbindung zu mehr und neuer Lebensfreude\",\"publisher\":{\"@id\":\"https:\\\/\\\/www.kuren.ch\\\/de\\\/#organization\"},\"potentialAction\":[{\"@type\":\"SearchAction\",\"target\":{\"@type\":\"EntryPoint\",\"urlTemplate\":\"https:\\\/\\\/www.kuren.ch\\\/de\\\/?s={search_term_string}\"},\"query-input\":{\"@type\":\"PropertyValueSpecification\",\"valueRequired\":true,\"valueName\":\"search_term_string\"}}],\"inLanguage\":\"de-DE\"},{\"@type\":\"Organization\",\"@id\":\"https:\\\/\\\/www.kuren.ch\\\/de\\\/#organization\",\"name\":\"Heilb\u00e4der und Kurh\u00e4user Schweiz\",\"url\":\"https:\\\/\\\/www.kuren.ch\\\/de\\\/\",\"logo\":{\"@type\":\"ImageObject\",\"inLanguage\":\"de-DE\",\"@id\":\"https:\\\/\\\/www.kuren.ch\\\/de\\\/#\\\/schema\\\/logo\\\/image\\\/\",\"url\":false,\"contentUrl\":false,\"width\":118,\"height\":147,\"caption\":\"Heilb\u00e4der und Kurh\u00e4user Schweiz\"},\"image\":{\"@id\":\"https:\\\/\\\/www.kuren.ch\\\/de\\\/#\\\/schema\\\/logo\\\/image\\\/\"},\"sameAs\":[\"https:\\\/\\\/www.facebook.com\\\/KurenSchweiz\\\/\",\"https:\\\/\\\/www.instagram.com\\\/heilbaeder_kurhaeuser\\\/\"]}]}<\/script>\n<!-- \/ Yoast SEO plugin. -->","yoast_head_json":{"title":"Aufgaben und Ziele des Verbands - Heilb\u00e4der und Kurh\u00e4user Schweiz","robots":{"index":"index","follow":"follow","max-snippet":"max-snippet:-1","max-image-preview":"max-image-preview:large","max-video-preview":"max-video-preview:-1"},"canonical":"https:\/\/www.kuren.ch\/de\/verband\/heilbaeder-und-kurhaeuser-schweiz\/","og_locale":"de_DE","og_type":"article","og_title":"Aufgaben und Ziele des Verbands - Heilb\u00e4der und Kurh\u00e4user Schweiz","og_description":"G\u00e4ste finden bei den Mitgliedbetrieben zur\u00fcck in den Alltag nach Krankheit und Operation, entspannen und erholen sich oder lassen sich bei verschiedenen Aktivit\u00e4ten und Anwendungen verw\u00f6hnen. Die Schweizer Heilb\u00e4der und Kurh\u00e4user sind im Segment Rehabilitation und Kuren sowie mit pr\u00e4ventiven Angeboten im Gesundheitsmarkt pr\u00e4sent. Die Schweizer Heilb\u00e4der und Kurh\u00e4user grenzen sich gegen\u00fcber dem Wellnesstourismus mit [&hellip;]","og_url":"https:\/\/www.kuren.ch\/de\/verband\/heilbaeder-und-kurhaeuser-schweiz\/","og_site_name":"Heilb\u00e4der und Kurh\u00e4user Schweiz","article_publisher":"https:\/\/www.facebook.com\/KurenSchweiz\/","article_modified_time":"2025-08-12T14:03:12+00:00","twitter_card":"summary_large_image","twitter_misc":{"Gesch\u00e4tzte Lesezeit":"2\u00a0Minuten"},"schema":{"@context":"https:\/\/schema.org","@graph":[{"@type":"WebPage","@id":"https:\/\/www.kuren.ch\/de\/verband\/heilbaeder-und-kurhaeuser-schweiz\/","url":"https:\/\/www.kuren.ch\/de\/verband\/heilbaeder-und-kurhaeuser-schweiz\/","name":"Aufgaben und Ziele des Verbands - Heilb\u00e4der und Kurh\u00e4user Schweiz","isPartOf":{"@id":"https:\/\/www.kuren.ch\/de\/#website"},"datePublished":"2016-10-17T13:30:18+00:00","dateModified":"2025-08-12T14:03:12+00:00","breadcrumb":{"@id":"https:\/\/www.kuren.ch\/de\/verband\/heilbaeder-und-kurhaeuser-schweiz\/#breadcrumb"},"inLanguage":"de-DE","potentialAction":[{"@type":"ReadAction","target":["https:\/\/www.kuren.ch\/de\/verband\/heilbaeder-und-kurhaeuser-schweiz\/"]}]},{"@type":"BreadcrumbList","@id":"https:\/\/www.kuren.ch\/de\/verband\/heilbaeder-und-kurhaeuser-schweiz\/#breadcrumb","itemListElement":[{"@type":"ListItem","position":1,"name":"Startseite","item":"https:\/\/www.kuren.ch\/de\/"},{"@type":"ListItem","position":2,"name":"Verband","item":"https:\/\/www.kuren.ch\/de\/verband\/"},{"@type":"ListItem","position":3,"name":"Aufgaben und Ziele des Verbands"}]},{"@type":"WebSite","@id":"https:\/\/www.kuren.ch\/de\/#website","url":"https:\/\/www.kuren.ch\/de\/","name":"Heilb\u00e4der und Kurh\u00e4user Schweiz","description":"Ihre direkte Verbindung zu mehr und neuer Lebensfreude","publisher":{"@id":"https:\/\/www.kuren.ch\/de\/#organization"},"potentialAction":[{"@type":"SearchAction","target":{"@type":"EntryPoint","urlTemplate":"https:\/\/www.kuren.ch\/de\/?s={search_term_string}"},"query-input":{"@type":"PropertyValueSpecification","valueRequired":true,"valueName":"search_term_string"}}],"inLanguage":"de-DE"},{"@type":"Organization","@id":"https:\/\/www.kuren.ch\/de\/#organization","name":"Heilb\u00e4der und Kurh\u00e4user Schweiz","url":"https:\/\/www.kuren.ch\/de\/","logo":{"@type":"ImageObject","inLanguage":"de-DE","@id":"https:\/\/www.kuren.ch\/de\/#\/schema\/logo\/image\/","url":false,"contentUrl":false,"width":118,"height":147,"caption":"Heilb\u00e4der und Kurh\u00e4user Schweiz"},"image":{"@id":"https:\/\/www.kuren.ch\/de\/#\/schema\/logo\/image\/"},"sameAs":["https:\/\/www.facebook.com\/KurenSchweiz\/","https:\/\/www.instagram.com\/heilbaeder_kurhaeuser\/"]}]}},"_links":{"self":[{"href":"https:\/\/www.kuren.ch\/de\/wp-json\/wp\/v2\/pages\/36\/"}],"collection":[{"href":"https:\/\/www.kuren.ch\/de\/wp-json\/wp\/v2\/pages\/"}],"about":[{"href":"https:\/\/www.kuren.ch\/de\/wp-json\/wp\/v2\/types\/page\/"}],"author":[{"embeddable":true,"href":"https:\/\/www.kuren.ch\/de\/wp-json\/wp\/v2\/users\/43\/"}],"replies":[{"embeddable":true,"href":"https:\/\/www.kuren.ch\/de\/wp-json\/wp\/v2\/comments\/?post=36"}],"version-history":[{"count":40,"href":"https:\/\/www.kuren.ch\/de\/wp-json\/wp\/v2\/pages\/36\/revisions\/"}],"predecessor-version":[{"id":27125,"href":"https:\/\/www.kuren.ch\/de\/wp-json\/wp\/v2\/pages\/36\/revisions\/27125\/"}],"up":[{"embeddable":true,"href":"https:\/\/www.kuren.ch\/de\/wp-json\/wp\/v2\/pages\/11\/"}],"wp:attachment":[{"href":"https:\/\/www.kuren.ch\/de\/wp-json\/wp\/v2\/media\/?parent=36"}],"curies":[{"name":"wp","href":"https:\/\/api.w.org\/{rel}","templated":true}]}}