{"id":25,"date":"2016-10-17T09:03:48","date_gmt":"2016-10-17T07:03:48","guid":{"rendered":"https:\/\/kuren.ch\/betriebe\/?page_id=25"},"modified":"2025-08-12T10:21:49","modified_gmt":"2025-08-12T08:21:49","slug":"downloads","status":"publish","type":"page","link":"https:\/\/www.kuren.ch\/de\/verband\/downloads\/","title":{"rendered":"Downloads"},"content":{"rendered":"\t\t<div data-elementor-type=\"wp-page\" data-elementor-id=\"25\" class=\"elementor elementor-25\" data-elementor-post-type=\"page\">\n\t\t\t\t<div class=\"elementor-element elementor-element-d468d79 e-con-full e-flex e-con e-parent\" data-id=\"d468d79\" data-element_type=\"container\" data-e-type=\"container\">\n\t\t<div class=\"elementor-element elementor-element-62d279b e-con-full e-flex e-con e-child\" data-id=\"62d279b\" data-element_type=\"container\" data-e-type=\"container\">\n\t\t\t\t<div class=\"elementor-element elementor-element-5a257f3 small-content elementor-widget elementor-widget-text-editor\" data-id=\"5a257f3\" data-element_type=\"widget\" data-e-type=\"widget\" data-widget_type=\"text-editor.default\">\n\t\t\t\t<div class=\"elementor-widget-container\">\n\t\t\t\t\t\t\t\t\t<p>Hier k\u00f6nnen Sie Unterlagen herunterladen, die Ihnen weiterhelfen. Kontaktieren Sie uns bitte, falls Sie etwas vermissen. Einen Teil der Downloads ist auch in franz\u00f6sischer Sprache erh\u00e4ltlich.<\/p>\t\t\t\t\t\t\t\t<\/div>\n\t\t\t\t<\/div>\n\t\t\t\t<div class=\"elementor-element elementor-element-8edfd1a elementor-widget elementor-widget-shortcode\" data-id=\"8edfd1a\" data-element_type=\"widget\" data-e-type=\"widget\" data-widget_type=\"shortcode.default\">\n\t\t\t\t<div class=\"elementor-widget-container\">\n\t\t\t\t\t\t\t<div class=\"elementor-shortcode\"><script language=\"JavaScript\" src=\"https:\/\/www.kuren.ch\/wp-content\/plugins\/wpdm-extended-shortcodes\/js\/jqueryFileTree.js\"><\/script>     <link rel=\"stylesheet\" href=\"https:\/\/www.kuren.ch\/wp-content\/plugins\/wpdm-extended-shortcodes\/css\/jqueryFileTree.css\" \/>          <div id=\"tree69ec9648e9c5d\"><\/div><script language=\"JavaScript\">    jQuery(document).ready( function() {        jQuery('#tree69ec9648e9c5d').fileTree({            script: 'https:\/\/www.kuren.ch\/wp\/?task=wpdm_tree&ddl=1&orderby=date&order=desc',            expandSpeed: 1000,            collapseSpeed: 1000,            root: '368',            multiFolder: false        }, function(file) {            location.href = file;        });    });<\/script>    <\/div>\n\t\t\t\t\t\t<\/div>\n\t\t\t\t<\/div>\n\t\t\t\t<\/div>\n\t\t\t\t<\/div>\n\t\t\t\t<\/div>\n\t\t","protected":false},"excerpt":{"rendered":"<p>Hier k\u00f6nnen Sie Unterlagen herunterladen, die Ihnen weiterhelfen. Kontaktieren Sie uns bitte, falls Sie etwas vermissen. Einen Teil der Downloads ist auch in franz\u00f6sischer Sprache erh\u00e4ltlich.<\/p>\n","protected":false},"author":43,"featured_media":0,"parent":11,"menu_order":0,"comment_status":"closed","ping_status":"closed","template":"t-service.php","meta":{"_acf_changed":false,"footnotes":""},"class_list":["post-25","page","type-page","status-publish","hentry"],"acf":[],"yoast_head":"<!-- This site is optimized with the Yoast SEO plugin v27.3 - https:\/\/yoast.com\/product\/yoast-seo-wordpress\/ -->\n<title>Downloads - Heilb\u00e4der und Kurh\u00e4user Schweiz<\/title>\n<meta name=\"description\" content=\"Verordnungsformulare, Kataloge, Verzeichnisse der Kurh\u00e4user, Informationen zur Mitgliedschaft - alles das finden Sie in den Downloads.\" \/>\n<meta name=\"robots\" content=\"noindex, nofollow\" \/>\n<meta property=\"og:locale\" content=\"de_DE\" \/>\n<meta property=\"og:type\" content=\"article\" \/>\n<meta property=\"og:title\" content=\"Downloads - Heilb\u00e4der und Kurh\u00e4user Schweiz\" \/>\n<meta property=\"og:description\" content=\"Verordnungsformulare, Kataloge, Verzeichnisse der Kurh\u00e4user, Informationen zur Mitgliedschaft - alles das finden Sie in den Downloads.\" \/>\n<meta property=\"og:url\" content=\"https:\/\/www.kuren.ch\/de\/verband\/downloads\/\" \/>\n<meta property=\"og:site_name\" content=\"Heilb\u00e4der und Kurh\u00e4user Schweiz\" \/>\n<meta property=\"article:publisher\" content=\"https:\/\/www.facebook.com\/KurenSchweiz\/\" \/>\n<meta property=\"article:modified_time\" content=\"2025-08-12T08:21:49+00:00\" \/>\n<meta name=\"twitter:card\" content=\"summary_large_image\" \/>\n<meta name=\"twitter:label1\" content=\"Gesch\u00e4tzte Lesezeit\" \/>\n\t<meta name=\"twitter:data1\" content=\"1\u00a0Minute\" \/>\n<script type=\"application\/ld+json\" class=\"yoast-schema-graph\">{\"@context\":\"https:\\\/\\\/schema.org\",\"@graph\":[{\"@type\":\"WebPage\",\"@id\":\"https:\\\/\\\/www.kuren.ch\\\/de\\\/verband\\\/downloads\\\/\",\"url\":\"https:\\\/\\\/www.kuren.ch\\\/de\\\/verband\\\/downloads\\\/\",\"name\":\"Downloads - Heilb\u00e4der und Kurh\u00e4user Schweiz\",\"isPartOf\":{\"@id\":\"https:\\\/\\\/www.kuren.ch\\\/de\\\/#website\"},\"datePublished\":\"2016-10-17T07:03:48+00:00\",\"dateModified\":\"2025-08-12T08:21:49+00:00\",\"description\":\"Verordnungsformulare, Kataloge, Verzeichnisse der Kurh\u00e4user, Informationen zur Mitgliedschaft - alles das finden Sie in den Downloads.\",\"breadcrumb\":{\"@id\":\"https:\\\/\\\/www.kuren.ch\\\/de\\\/verband\\\/downloads\\\/#breadcrumb\"},\"inLanguage\":\"de-DE\",\"potentialAction\":[{\"@type\":\"ReadAction\",\"target\":[\"https:\\\/\\\/www.kuren.ch\\\/de\\\/verband\\\/downloads\\\/\"]}]},{\"@type\":\"BreadcrumbList\",\"@id\":\"https:\\\/\\\/www.kuren.ch\\\/de\\\/verband\\\/downloads\\\/#breadcrumb\",\"itemListElement\":[{\"@type\":\"ListItem\",\"position\":1,\"name\":\"Startseite\",\"item\":\"https:\\\/\\\/www.kuren.ch\\\/de\\\/\"},{\"@type\":\"ListItem\",\"position\":2,\"name\":\"Verband\",\"item\":\"https:\\\/\\\/www.kuren.ch\\\/de\\\/verband\\\/\"},{\"@type\":\"ListItem\",\"position\":3,\"name\":\"Downloads\"}]},{\"@type\":\"WebSite\",\"@id\":\"https:\\\/\\\/www.kuren.ch\\\/de\\\/#website\",\"url\":\"https:\\\/\\\/www.kuren.ch\\\/de\\\/\",\"name\":\"Heilb\u00e4der und Kurh\u00e4user Schweiz\",\"description\":\"Ihre direkte Verbindung zu mehr und neuer Lebensfreude\",\"publisher\":{\"@id\":\"https:\\\/\\\/www.kuren.ch\\\/de\\\/#organization\"},\"potentialAction\":[{\"@type\":\"SearchAction\",\"target\":{\"@type\":\"EntryPoint\",\"urlTemplate\":\"https:\\\/\\\/www.kuren.ch\\\/de\\\/?s={search_term_string}\"},\"query-input\":{\"@type\":\"PropertyValueSpecification\",\"valueRequired\":true,\"valueName\":\"search_term_string\"}}],\"inLanguage\":\"de-DE\"},{\"@type\":\"Organization\",\"@id\":\"https:\\\/\\\/www.kuren.ch\\\/de\\\/#organization\",\"name\":\"Heilb\u00e4der und Kurh\u00e4user Schweiz\",\"url\":\"https:\\\/\\\/www.kuren.ch\\\/de\\\/\",\"logo\":{\"@type\":\"ImageObject\",\"inLanguage\":\"de-DE\",\"@id\":\"https:\\\/\\\/www.kuren.ch\\\/de\\\/#\\\/schema\\\/logo\\\/image\\\/\",\"url\":false,\"contentUrl\":false,\"width\":118,\"height\":147,\"caption\":\"Heilb\u00e4der und Kurh\u00e4user Schweiz\"},\"image\":{\"@id\":\"https:\\\/\\\/www.kuren.ch\\\/de\\\/#\\\/schema\\\/logo\\\/image\\\/\"},\"sameAs\":[\"https:\\\/\\\/www.facebook.com\\\/KurenSchweiz\\\/\",\"https:\\\/\\\/www.instagram.com\\\/heilbaeder_kurhaeuser\\\/\"]}]}<\/script>\n<!-- \/ Yoast SEO plugin. -->","yoast_head_json":{"title":"Downloads - Heilb\u00e4der und Kurh\u00e4user Schweiz","description":"Verordnungsformulare, Kataloge, Verzeichnisse der Kurh\u00e4user, Informationen zur Mitgliedschaft - alles das finden Sie in den Downloads.","robots":{"index":"noindex","follow":"nofollow"},"og_locale":"de_DE","og_type":"article","og_title":"Downloads - Heilb\u00e4der und Kurh\u00e4user Schweiz","og_description":"Verordnungsformulare, Kataloge, Verzeichnisse der Kurh\u00e4user, Informationen zur Mitgliedschaft - alles das finden Sie in den Downloads.","og_url":"https:\/\/www.kuren.ch\/de\/verband\/downloads\/","og_site_name":"Heilb\u00e4der und Kurh\u00e4user Schweiz","article_publisher":"https:\/\/www.facebook.com\/KurenSchweiz\/","article_modified_time":"2025-08-12T08:21:49+00:00","twitter_card":"summary_large_image","twitter_misc":{"Gesch\u00e4tzte Lesezeit":"1\u00a0Minute"},"schema":{"@context":"https:\/\/schema.org","@graph":[{"@type":"WebPage","@id":"https:\/\/www.kuren.ch\/de\/verband\/downloads\/","url":"https:\/\/www.kuren.ch\/de\/verband\/downloads\/","name":"Downloads - Heilb\u00e4der und Kurh\u00e4user Schweiz","isPartOf":{"@id":"https:\/\/www.kuren.ch\/de\/#website"},"datePublished":"2016-10-17T07:03:48+00:00","dateModified":"2025-08-12T08:21:49+00:00","description":"Verordnungsformulare, Kataloge, Verzeichnisse der Kurh\u00e4user, Informationen zur Mitgliedschaft - alles das finden Sie in den Downloads.","breadcrumb":{"@id":"https:\/\/www.kuren.ch\/de\/verband\/downloads\/#breadcrumb"},"inLanguage":"de-DE","potentialAction":[{"@type":"ReadAction","target":["https:\/\/www.kuren.ch\/de\/verband\/downloads\/"]}]},{"@type":"BreadcrumbList","@id":"https:\/\/www.kuren.ch\/de\/verband\/downloads\/#breadcrumb","itemListElement":[{"@type":"ListItem","position":1,"name":"Startseite","item":"https:\/\/www.kuren.ch\/de\/"},{"@type":"ListItem","position":2,"name":"Verband","item":"https:\/\/www.kuren.ch\/de\/verband\/"},{"@type":"ListItem","position":3,"name":"Downloads"}]},{"@type":"WebSite","@id":"https:\/\/www.kuren.ch\/de\/#website","url":"https:\/\/www.kuren.ch\/de\/","name":"Heilb\u00e4der und Kurh\u00e4user Schweiz","description":"Ihre direkte Verbindung zu mehr und neuer Lebensfreude","publisher":{"@id":"https:\/\/www.kuren.ch\/de\/#organization"},"potentialAction":[{"@type":"SearchAction","target":{"@type":"EntryPoint","urlTemplate":"https:\/\/www.kuren.ch\/de\/?s={search_term_string}"},"query-input":{"@type":"PropertyValueSpecification","valueRequired":true,"valueName":"search_term_string"}}],"inLanguage":"de-DE"},{"@type":"Organization","@id":"https:\/\/www.kuren.ch\/de\/#organization","name":"Heilb\u00e4der und Kurh\u00e4user Schweiz","url":"https:\/\/www.kuren.ch\/de\/","logo":{"@type":"ImageObject","inLanguage":"de-DE","@id":"https:\/\/www.kuren.ch\/de\/#\/schema\/logo\/image\/","url":false,"contentUrl":false,"width":118,"height":147,"caption":"Heilb\u00e4der und Kurh\u00e4user Schweiz"},"image":{"@id":"https:\/\/www.kuren.ch\/de\/#\/schema\/logo\/image\/"},"sameAs":["https:\/\/www.facebook.com\/KurenSchweiz\/","https:\/\/www.instagram.com\/heilbaeder_kurhaeuser\/"]}]}},"_links":{"self":[{"href":"https:\/\/www.kuren.ch\/de\/wp-json\/wp\/v2\/pages\/25\/"}],"collection":[{"href":"https:\/\/www.kuren.ch\/de\/wp-json\/wp\/v2\/pages\/"}],"about":[{"href":"https:\/\/www.kuren.ch\/de\/wp-json\/wp\/v2\/types\/page\/"}],"author":[{"embeddable":true,"href":"https:\/\/www.kuren.ch\/de\/wp-json\/wp\/v2\/users\/43\/"}],"replies":[{"embeddable":true,"href":"https:\/\/www.kuren.ch\/de\/wp-json\/wp\/v2\/comments\/?post=25"}],"version-history":[{"count":48,"href":"https:\/\/www.kuren.ch\/de\/wp-json\/wp\/v2\/pages\/25\/revisions\/"}],"predecessor-version":[{"id":29029,"href":"https:\/\/www.kuren.ch\/de\/wp-json\/wp\/v2\/pages\/25\/revisions\/29029\/"}],"up":[{"embeddable":true,"href":"https:\/\/www.kuren.ch\/de\/wp-json\/wp\/v2\/pages\/11\/"}],"wp:attachment":[{"href":"https:\/\/www.kuren.ch\/de\/wp-json\/wp\/v2\/media\/?parent=25"}],"curies":[{"name":"wp","href":"https:\/\/api.w.org\/{rel}","templated":true}]}}