{"id":1366,"date":"2016-12-20T15:02:04","date_gmt":"2016-12-20T14:02:04","guid":{"rendered":"https:\/\/kuren.ch\/web\/?page_id=1366"},"modified":"2022-04-13T10:32:21","modified_gmt":"2022-04-13T08:32:21","slug":"entlastungsdienst","status":"publish","type":"page","link":"https:\/\/www.kuren.ch\/de\/verband\/entlastungsdienst\/","title":{"rendered":"Entlastungsdienst"},"content":{"rendered":"\t\t<div data-elementor-type=\"wp-page\" data-elementor-id=\"1366\" class=\"elementor elementor-1366\" data-elementor-post-type=\"page\">\n\t\t\t\t\t\t<section class=\"elementor-section elementor-top-section elementor-element elementor-element-87f5bfb elementor-section-full_width elementor-section-height-default elementor-section-height-default\" data-id=\"87f5bfb\" data-element_type=\"section\" data-e-type=\"section\">\n\t\t\t\t\t\t<div class=\"elementor-container elementor-column-gap-default\">\n\t\t\t\t\t<div class=\"elementor-column elementor-col-100 elementor-top-column elementor-element elementor-element-424a18c\" data-id=\"424a18c\" data-element_type=\"column\" data-e-type=\"column\">\n\t\t\t<div class=\"elementor-widget-wrap elementor-element-populated\">\n\t\t\t\t\t\t<div class=\"elementor-element elementor-element-b0cde14 elementor-widget elementor-widget-heading\" data-id=\"b0cde14\" data-element_type=\"widget\" data-e-type=\"widget\" data-widget_type=\"heading.default\">\n\t\t\t\t<div class=\"elementor-widget-container\">\n\t\t\t\t\t<h2 class=\"elementor-heading-title elementor-size-default\">Erfahrungsbericht von Robert H.<\/h2>\t\t\t\t<\/div>\n\t\t\t\t<\/div>\n\t\t\t\t\t<\/div>\n\t\t<\/div>\n\t\t\t\t\t<\/div>\n\t\t<\/section>\n\t\t\t\t<section class=\"elementor-section elementor-top-section elementor-element elementor-element-607f50b elementor-section-full_width elementor-section-height-default elementor-section-height-default\" data-id=\"607f50b\" data-element_type=\"section\" data-e-type=\"section\">\n\t\t\t\t\t\t<div class=\"elementor-container elementor-column-gap-default\">\n\t\t\t\t\t<div class=\"elementor-column elementor-col-50 elementor-top-column elementor-element elementor-element-5b2ee03\" data-id=\"5b2ee03\" data-element_type=\"column\" data-e-type=\"column\">\n\t\t\t<div class=\"elementor-widget-wrap elementor-element-populated\">\n\t\t\t\t\t\t<div class=\"elementor-element elementor-element-0412d91 small-content elementor-widget elementor-widget-text-editor\" data-id=\"0412d91\" data-element_type=\"widget\" data-e-type=\"widget\" data-widget_type=\"text-editor.default\">\n\t\t\t\t<div class=\"elementor-widget-container\">\n\t\t\t\t\t\t\t\t\t<p>Robert H. ist als Busfahrer des \u00f6ffentlichen Verkehrs viel und zu unregelm\u00e4ssigen Arbeitszeiten unterwegs. Seine Frau Karin war viele Jahre als Ausbildnerin t\u00e4tig, f\u00fchrte den Haushalt und zog die Kinder gross. Diese sind inzwischen erwachsen und ausgezogen. Robert und Karin h\u00e4tten also die Freiheit ihre Zeit, so gut es geht, selber einzuteilen. H\u00e4tten \u2013 denn vor 4 Jahren \u00e4nderte sich deren Leben, als Roberts Mutter zum Pflegefall wurde. Nach einem Schlaganfall war sie rechtsseitig gel\u00e4hmt und konnte den Haushalt in ihrer 3-Zimmer-Wohnung unm\u00f6glich mehr alleine f\u00fchren. Robert und Karin waren sich sofort einig, dass sie die Grossmutter ihrer Kinder in ihrem Haus aufnehmen und pflegen w\u00fcrden. Karin gab daf\u00fcr ihre Teilzeitstelle auf und beide k\u00fcmmerten sich fortan intensiv um die pflegebed\u00fcrftige Mutter. Diese Aufgabe beanspruchte beide in den letzten Jahren stark und an ein freies Wochenende, geschweige denn Ferien, war nicht mehr zu denken.<\/p>\n<p><\/p>\t\t\t\t\t\t\t\t<\/div>\n\t\t\t\t<\/div>\n\t\t\t\t<div class=\"elementor-element elementor-element-481309f elementor-hidden-desktop elementor-hidden-tablet elementor-widget elementor-widget-image\" data-id=\"481309f\" data-element_type=\"widget\" data-e-type=\"widget\" data-widget_type=\"image.default\">\n\t\t\t\t<div class=\"elementor-widget-container\">\n\t\t\t\t\t\t\t\t\t\t\t\t\t\t\t<img fetchpriority=\"high\" decoding=\"async\" width=\"768\" height=\"468\" src=\"https:\/\/www.kuren.ch\/wp-content\/uploads\/2022\/04\/HKS_Entpannen_und_geniessen-768x468.jpg\" class=\"attachment-medium_large size-medium_large wp-image-13234\" alt=\"\" srcset=\"https:\/\/www.kuren.ch\/wp-content\/uploads\/2022\/04\/HKS_Entpannen_und_geniessen-768x468.jpg 768w, https:\/\/www.kuren.ch\/wp-content\/uploads\/2022\/04\/HKS_Entpannen_und_geniessen-300x183.jpg 300w, https:\/\/www.kuren.ch\/wp-content\/uploads\/2022\/04\/HKS_Entpannen_und_geniessen-1024x624.jpg 1024w, https:\/\/www.kuren.ch\/wp-content\/uploads\/2022\/04\/HKS_Entpannen_und_geniessen-1536x936.jpg 1536w, https:\/\/www.kuren.ch\/wp-content\/uploads\/2022\/04\/HKS_Entpannen_und_geniessen-1320x804.jpg 1320w, https:\/\/www.kuren.ch\/wp-content\/uploads\/2022\/04\/HKS_Entpannen_und_geniessen-870x530.jpg 870w, https:\/\/www.kuren.ch\/wp-content\/uploads\/2022\/04\/HKS_Entpannen_und_geniessen.jpg 1740w\" sizes=\"(max-width: 768px) 100vw, 768px\" \/>\t\t\t\t\t\t\t\t\t\t\t\t\t\t\t<\/div>\n\t\t\t\t<\/div>\n\t\t\t\t<div class=\"elementor-element elementor-element-f196fbe small-content elementor-widget elementor-widget-text-editor\" data-id=\"f196fbe\" data-element_type=\"widget\" data-e-type=\"widget\" data-widget_type=\"text-editor.default\">\n\t\t\t\t<div class=\"elementor-widget-container\">\n\t\t\t\t\t\t\t\t\t<p>Eines Tages entdeckte Karin das \u00abEntlastungsangebot\u00bb der Kurh\u00e4user und sah darin eine Chance f\u00fcr eine Erholungsphase f\u00fcr Robert und sie. In dem Entlastungsangebot \u00fcbernehmen ausgew\u00e4hlte Kurbetriebe die Pflege und Betreuung von Angeh\u00f6rigen w\u00e4hrend Ferien oder l\u00e4ngeren Abwesenheiten. Robert und Karin waren sich zwar zuerst unsicher, ob sie ihre Mutter einfach so \u00ababgeben\u00bb k\u00f6nnen und d\u00fcrfen. Die grosse Erfahrung der Kurh\u00e4user in der Begleitung von betreuungs- und pflegebed\u00fcrftigen Menschen, die kompetenten Fachleute und die ausgezeichnete Infrastruktur \u00fcberzeugten sie schlussendlich.<\/p><p>Erstmals seit vielen Jahren geniessen Robert und Karin wohlverdiente Ferien an der K\u00fcste Sardiniens und wissen ihre Mutter gut beh\u00fctet und umsorgt. Und das Beste \u2013 auch sie freut sich \u00fcber die Abwechslung und geniesst ihren Aufenthalt im Kurhaus!<\/p>\t\t\t\t\t\t\t\t<\/div>\n\t\t\t\t<\/div>\n\t\t\t\t<div class=\"elementor-element elementor-element-3238c0a elementor-link elementor-widget elementor-widget-button\" data-id=\"3238c0a\" data-element_type=\"widget\" data-e-type=\"widget\" data-widget_type=\"button.default\">\n\t\t\t\t<div class=\"elementor-widget-container\">\n\t\t\t\t\t\t\t\t\t<div class=\"elementor-button-wrapper\">\n\t\t\t\t\t<a class=\"elementor-button elementor-button-link elementor-size-sm\" href=\"\/verband\/entlastung\/\" target=\"_blank\">\n\t\t\t\t\t\t<span class=\"elementor-button-content-wrapper\">\n\t\t\t\t\t\t<span class=\"elementor-button-icon\">\n\t\t\t\t<svg xmlns=\"http:\/\/www.w3.org\/2000\/svg\" width=\"22.1\" height=\"20.233\" viewBox=\"-0.017 0 22.1 20.233\"><path d=\"m9.11 0 9.095 9.095H0v2.02h18.205L9.11 20.21h2.852l10.104-10.105L11.962 0H9.11Z\" fill=\"#a72675\" fill-rule=\"evenodd\" data-name=\"Pfad 54\"><\/path><\/svg>\t\t\t<\/span>\n\t\t\t\t\t\t\t\t\t<span class=\"elementor-button-text\">Zu den Angeboten Entlastungsdienst<\/span>\n\t\t\t\t\t<\/span>\n\t\t\t\t\t<\/a>\n\t\t\t\t<\/div>\n\t\t\t\t\t\t\t\t<\/div>\n\t\t\t\t<\/div>\n\t\t\t\t\t<\/div>\n\t\t<\/div>\n\t\t\t\t<div class=\"elementor-column elementor-col-50 elementor-top-column elementor-element elementor-element-5784f31 elementor-hidden-mobile\" data-id=\"5784f31\" data-element_type=\"column\" data-e-type=\"column\">\n\t\t\t<div class=\"elementor-widget-wrap elementor-element-populated\">\n\t\t\t\t\t\t<div class=\"elementor-element elementor-element-fab47cd elementor-widget elementor-widget-image\" data-id=\"fab47cd\" data-element_type=\"widget\" data-e-type=\"widget\" data-widget_type=\"image.default\">\n\t\t\t\t<div class=\"elementor-widget-container\">\n\t\t\t\t\t\t\t\t\t\t\t\t\t\t\t<img decoding=\"async\" width=\"800\" height=\"488\" src=\"https:\/\/www.kuren.ch\/wp-content\/uploads\/2022\/04\/HKS_Entpannen_und_geniessen-1024x624.jpg\" class=\"attachment-large size-large wp-image-13234\" alt=\"\" srcset=\"https:\/\/www.kuren.ch\/wp-content\/uploads\/2022\/04\/HKS_Entpannen_und_geniessen-1024x624.jpg 1024w, https:\/\/www.kuren.ch\/wp-content\/uploads\/2022\/04\/HKS_Entpannen_und_geniessen-300x183.jpg 300w, https:\/\/www.kuren.ch\/wp-content\/uploads\/2022\/04\/HKS_Entpannen_und_geniessen-768x468.jpg 768w, https:\/\/www.kuren.ch\/wp-content\/uploads\/2022\/04\/HKS_Entpannen_und_geniessen-1536x936.jpg 1536w, https:\/\/www.kuren.ch\/wp-content\/uploads\/2022\/04\/HKS_Entpannen_und_geniessen-1320x804.jpg 1320w, https:\/\/www.kuren.ch\/wp-content\/uploads\/2022\/04\/HKS_Entpannen_und_geniessen-870x530.jpg 870w, https:\/\/www.kuren.ch\/wp-content\/uploads\/2022\/04\/HKS_Entpannen_und_geniessen.jpg 1740w\" sizes=\"(max-width: 800px) 100vw, 800px\" \/>\t\t\t\t\t\t\t\t\t\t\t\t\t\t\t<\/div>\n\t\t\t\t<\/div>\n\t\t\t\t<div class=\"elementor-element elementor-element-555a44c elementor-widget elementor-widget-image\" data-id=\"555a44c\" data-element_type=\"widget\" data-e-type=\"widget\" data-widget_type=\"image.default\">\n\t\t\t\t<div class=\"elementor-widget-container\">\n\t\t\t\t\t\t\t\t\t\t\t\t\t\t\t<img decoding=\"async\" width=\"800\" height=\"488\" src=\"https:\/\/www.kuren.ch\/wp-content\/uploads\/2022\/04\/HKS_Erholung_Praevention-1024x624.jpg\" class=\"attachment-large size-large wp-image-13242\" alt=\"\" srcset=\"https:\/\/www.kuren.ch\/wp-content\/uploads\/2022\/04\/HKS_Erholung_Praevention-1024x624.jpg 1024w, https:\/\/www.kuren.ch\/wp-content\/uploads\/2022\/04\/HKS_Erholung_Praevention-300x183.jpg 300w, https:\/\/www.kuren.ch\/wp-content\/uploads\/2022\/04\/HKS_Erholung_Praevention-768x468.jpg 768w, https:\/\/www.kuren.ch\/wp-content\/uploads\/2022\/04\/HKS_Erholung_Praevention-1536x936.jpg 1536w, https:\/\/www.kuren.ch\/wp-content\/uploads\/2022\/04\/HKS_Erholung_Praevention-1320x804.jpg 1320w, https:\/\/www.kuren.ch\/wp-content\/uploads\/2022\/04\/HKS_Erholung_Praevention-870x530.jpg 870w, https:\/\/www.kuren.ch\/wp-content\/uploads\/2022\/04\/HKS_Erholung_Praevention.jpg 1740w\" sizes=\"(max-width: 800px) 100vw, 800px\" \/>\t\t\t\t\t\t\t\t\t\t\t\t\t\t\t<\/div>\n\t\t\t\t<\/div>\n\t\t\t\t\t<\/div>\n\t\t<\/div>\n\t\t\t\t\t<\/div>\n\t\t<\/section>\n\t\t\t\t<\/div>\n\t\t","protected":false},"excerpt":{"rendered":"<p>Erfahrungsbericht von Robert H. Robert H. ist als Busfahrer des \u00f6ffentlichen Verkehrs viel und zu unregelm\u00e4ssigen Arbeitszeiten unterwegs. Seine Frau Karin war viele Jahre als Ausbildnerin t\u00e4tig, f\u00fchrte den Haushalt und zog die Kinder gross. Diese sind inzwischen erwachsen und ausgezogen. Robert und Karin h\u00e4tten also die Freiheit ihre Zeit, so gut es geht, selber [&hellip;]<\/p>\n","protected":false},"author":43,"featured_media":0,"parent":11,"menu_order":0,"comment_status":"closed","ping_status":"closed","template":"t-service.php","meta":{"_acf_changed":false,"footnotes":""},"class_list":["post-1366","page","type-page","status-publish","hentry"],"acf":[],"yoast_head":"<!-- This site is optimized with the Yoast SEO plugin v27.3 - https:\/\/yoast.com\/product\/yoast-seo-wordpress\/ -->\n<title>Entlastungsdienst - Heilb\u00e4der und Kurh\u00e4user Schweiz<\/title>\n<meta name=\"robots\" content=\"index, follow, max-snippet:-1, max-image-preview:large, max-video-preview:-1\" \/>\n<link rel=\"canonical\" href=\"https:\/\/www.kuren.ch\/de\/verband\/entlastungsdienst\/\" \/>\n<meta property=\"og:locale\" content=\"de_DE\" \/>\n<meta property=\"og:type\" content=\"article\" \/>\n<meta property=\"og:title\" content=\"Entlastungsdienst - Heilb\u00e4der und Kurh\u00e4user Schweiz\" \/>\n<meta property=\"og:description\" content=\"Erfahrungsbericht von Robert H. Robert H. ist als Busfahrer des \u00f6ffentlichen Verkehrs viel und zu unregelm\u00e4ssigen Arbeitszeiten unterwegs. Seine Frau Karin war viele Jahre als Ausbildnerin t\u00e4tig, f\u00fchrte den Haushalt und zog die Kinder gross. Diese sind inzwischen erwachsen und ausgezogen. Robert und Karin h\u00e4tten also die Freiheit ihre Zeit, so gut es geht, selber [&hellip;]\" \/>\n<meta property=\"og:url\" content=\"https:\/\/www.kuren.ch\/de\/verband\/entlastungsdienst\/\" \/>\n<meta property=\"og:site_name\" content=\"Heilb\u00e4der und Kurh\u00e4user Schweiz\" \/>\n<meta property=\"article:publisher\" content=\"https:\/\/www.facebook.com\/KurenSchweiz\/\" \/>\n<meta property=\"article:modified_time\" content=\"2022-04-13T08:32:21+00:00\" \/>\n<meta property=\"og:image\" content=\"https:\/\/redesign.kuren.ch\/wp-content\/uploads\/2022\/04\/HKS_Entpannen_und_geniessen-768x468.jpg\" \/>\n<meta name=\"twitter:card\" content=\"summary_large_image\" \/>\n<meta name=\"twitter:label1\" content=\"Gesch\u00e4tzte Lesezeit\" \/>\n\t<meta name=\"twitter:data1\" content=\"3\u00a0Minuten\" \/>\n<script type=\"application\/ld+json\" class=\"yoast-schema-graph\">{\"@context\":\"https:\\\/\\\/schema.org\",\"@graph\":[{\"@type\":\"WebPage\",\"@id\":\"https:\\\/\\\/www.kuren.ch\\\/de\\\/verband\\\/entlastungsdienst\\\/\",\"url\":\"https:\\\/\\\/www.kuren.ch\\\/de\\\/verband\\\/entlastungsdienst\\\/\",\"name\":\"Entlastungsdienst - Heilb\u00e4der und Kurh\u00e4user Schweiz\",\"isPartOf\":{\"@id\":\"https:\\\/\\\/www.kuren.ch\\\/de\\\/#website\"},\"primaryImageOfPage\":{\"@id\":\"https:\\\/\\\/www.kuren.ch\\\/de\\\/verband\\\/entlastungsdienst\\\/#primaryimage\"},\"image\":{\"@id\":\"https:\\\/\\\/www.kuren.ch\\\/de\\\/verband\\\/entlastungsdienst\\\/#primaryimage\"},\"thumbnailUrl\":\"https:\\\/\\\/redesign.kuren.ch\\\/wp-content\\\/uploads\\\/2022\\\/04\\\/HKS_Entpannen_und_geniessen-768x468.jpg\",\"datePublished\":\"2016-12-20T14:02:04+00:00\",\"dateModified\":\"2022-04-13T08:32:21+00:00\",\"breadcrumb\":{\"@id\":\"https:\\\/\\\/www.kuren.ch\\\/de\\\/verband\\\/entlastungsdienst\\\/#breadcrumb\"},\"inLanguage\":\"de-DE\",\"potentialAction\":[{\"@type\":\"ReadAction\",\"target\":[\"https:\\\/\\\/www.kuren.ch\\\/de\\\/verband\\\/entlastungsdienst\\\/\"]}]},{\"@type\":\"ImageObject\",\"inLanguage\":\"de-DE\",\"@id\":\"https:\\\/\\\/www.kuren.ch\\\/de\\\/verband\\\/entlastungsdienst\\\/#primaryimage\",\"url\":\"https:\\\/\\\/redesign.kuren.ch\\\/wp-content\\\/uploads\\\/2022\\\/04\\\/HKS_Entpannen_und_geniessen-768x468.jpg\",\"contentUrl\":\"https:\\\/\\\/redesign.kuren.ch\\\/wp-content\\\/uploads\\\/2022\\\/04\\\/HKS_Entpannen_und_geniessen-768x468.jpg\"},{\"@type\":\"BreadcrumbList\",\"@id\":\"https:\\\/\\\/www.kuren.ch\\\/de\\\/verband\\\/entlastungsdienst\\\/#breadcrumb\",\"itemListElement\":[{\"@type\":\"ListItem\",\"position\":1,\"name\":\"Startseite\",\"item\":\"https:\\\/\\\/www.kuren.ch\\\/de\\\/\"},{\"@type\":\"ListItem\",\"position\":2,\"name\":\"Verband\",\"item\":\"https:\\\/\\\/www.kuren.ch\\\/de\\\/verband\\\/\"},{\"@type\":\"ListItem\",\"position\":3,\"name\":\"Entlastungsdienst\"}]},{\"@type\":\"WebSite\",\"@id\":\"https:\\\/\\\/www.kuren.ch\\\/de\\\/#website\",\"url\":\"https:\\\/\\\/www.kuren.ch\\\/de\\\/\",\"name\":\"Heilb\u00e4der und Kurh\u00e4user Schweiz\",\"description\":\"Ihre direkte Verbindung zu mehr und neuer Lebensfreude\",\"publisher\":{\"@id\":\"https:\\\/\\\/www.kuren.ch\\\/de\\\/#organization\"},\"potentialAction\":[{\"@type\":\"SearchAction\",\"target\":{\"@type\":\"EntryPoint\",\"urlTemplate\":\"https:\\\/\\\/www.kuren.ch\\\/de\\\/?s={search_term_string}\"},\"query-input\":{\"@type\":\"PropertyValueSpecification\",\"valueRequired\":true,\"valueName\":\"search_term_string\"}}],\"inLanguage\":\"de-DE\"},{\"@type\":\"Organization\",\"@id\":\"https:\\\/\\\/www.kuren.ch\\\/de\\\/#organization\",\"name\":\"Heilb\u00e4der und Kurh\u00e4user Schweiz\",\"url\":\"https:\\\/\\\/www.kuren.ch\\\/de\\\/\",\"logo\":{\"@type\":\"ImageObject\",\"inLanguage\":\"de-DE\",\"@id\":\"https:\\\/\\\/www.kuren.ch\\\/de\\\/#\\\/schema\\\/logo\\\/image\\\/\",\"url\":false,\"contentUrl\":false,\"width\":118,\"height\":147,\"caption\":\"Heilb\u00e4der und Kurh\u00e4user Schweiz\"},\"image\":{\"@id\":\"https:\\\/\\\/www.kuren.ch\\\/de\\\/#\\\/schema\\\/logo\\\/image\\\/\"},\"sameAs\":[\"https:\\\/\\\/www.facebook.com\\\/KurenSchweiz\\\/\",\"https:\\\/\\\/www.instagram.com\\\/heilbaeder_kurhaeuser\\\/\"]}]}<\/script>\n<!-- \/ Yoast SEO plugin. -->","yoast_head_json":{"title":"Entlastungsdienst - Heilb\u00e4der und Kurh\u00e4user Schweiz","robots":{"index":"index","follow":"follow","max-snippet":"max-snippet:-1","max-image-preview":"max-image-preview:large","max-video-preview":"max-video-preview:-1"},"canonical":"https:\/\/www.kuren.ch\/de\/verband\/entlastungsdienst\/","og_locale":"de_DE","og_type":"article","og_title":"Entlastungsdienst - Heilb\u00e4der und Kurh\u00e4user Schweiz","og_description":"Erfahrungsbericht von Robert H. Robert H. ist als Busfahrer des \u00f6ffentlichen Verkehrs viel und zu unregelm\u00e4ssigen Arbeitszeiten unterwegs. Seine Frau Karin war viele Jahre als Ausbildnerin t\u00e4tig, f\u00fchrte den Haushalt und zog die Kinder gross. Diese sind inzwischen erwachsen und ausgezogen. Robert und Karin h\u00e4tten also die Freiheit ihre Zeit, so gut es geht, selber [&hellip;]","og_url":"https:\/\/www.kuren.ch\/de\/verband\/entlastungsdienst\/","og_site_name":"Heilb\u00e4der und Kurh\u00e4user Schweiz","article_publisher":"https:\/\/www.facebook.com\/KurenSchweiz\/","article_modified_time":"2022-04-13T08:32:21+00:00","og_image":[{"url":"https:\/\/redesign.kuren.ch\/wp-content\/uploads\/2022\/04\/HKS_Entpannen_und_geniessen-768x468.jpg","type":"","width":"","height":""}],"twitter_card":"summary_large_image","twitter_misc":{"Gesch\u00e4tzte Lesezeit":"3\u00a0Minuten"},"schema":{"@context":"https:\/\/schema.org","@graph":[{"@type":"WebPage","@id":"https:\/\/www.kuren.ch\/de\/verband\/entlastungsdienst\/","url":"https:\/\/www.kuren.ch\/de\/verband\/entlastungsdienst\/","name":"Entlastungsdienst - Heilb\u00e4der und Kurh\u00e4user Schweiz","isPartOf":{"@id":"https:\/\/www.kuren.ch\/de\/#website"},"primaryImageOfPage":{"@id":"https:\/\/www.kuren.ch\/de\/verband\/entlastungsdienst\/#primaryimage"},"image":{"@id":"https:\/\/www.kuren.ch\/de\/verband\/entlastungsdienst\/#primaryimage"},"thumbnailUrl":"https:\/\/redesign.kuren.ch\/wp-content\/uploads\/2022\/04\/HKS_Entpannen_und_geniessen-768x468.jpg","datePublished":"2016-12-20T14:02:04+00:00","dateModified":"2022-04-13T08:32:21+00:00","breadcrumb":{"@id":"https:\/\/www.kuren.ch\/de\/verband\/entlastungsdienst\/#breadcrumb"},"inLanguage":"de-DE","potentialAction":[{"@type":"ReadAction","target":["https:\/\/www.kuren.ch\/de\/verband\/entlastungsdienst\/"]}]},{"@type":"ImageObject","inLanguage":"de-DE","@id":"https:\/\/www.kuren.ch\/de\/verband\/entlastungsdienst\/#primaryimage","url":"https:\/\/redesign.kuren.ch\/wp-content\/uploads\/2022\/04\/HKS_Entpannen_und_geniessen-768x468.jpg","contentUrl":"https:\/\/redesign.kuren.ch\/wp-content\/uploads\/2022\/04\/HKS_Entpannen_und_geniessen-768x468.jpg"},{"@type":"BreadcrumbList","@id":"https:\/\/www.kuren.ch\/de\/verband\/entlastungsdienst\/#breadcrumb","itemListElement":[{"@type":"ListItem","position":1,"name":"Startseite","item":"https:\/\/www.kuren.ch\/de\/"},{"@type":"ListItem","position":2,"name":"Verband","item":"https:\/\/www.kuren.ch\/de\/verband\/"},{"@type":"ListItem","position":3,"name":"Entlastungsdienst"}]},{"@type":"WebSite","@id":"https:\/\/www.kuren.ch\/de\/#website","url":"https:\/\/www.kuren.ch\/de\/","name":"Heilb\u00e4der und Kurh\u00e4user Schweiz","description":"Ihre direkte Verbindung zu mehr und neuer Lebensfreude","publisher":{"@id":"https:\/\/www.kuren.ch\/de\/#organization"},"potentialAction":[{"@type":"SearchAction","target":{"@type":"EntryPoint","urlTemplate":"https:\/\/www.kuren.ch\/de\/?s={search_term_string}"},"query-input":{"@type":"PropertyValueSpecification","valueRequired":true,"valueName":"search_term_string"}}],"inLanguage":"de-DE"},{"@type":"Organization","@id":"https:\/\/www.kuren.ch\/de\/#organization","name":"Heilb\u00e4der und Kurh\u00e4user Schweiz","url":"https:\/\/www.kuren.ch\/de\/","logo":{"@type":"ImageObject","inLanguage":"de-DE","@id":"https:\/\/www.kuren.ch\/de\/#\/schema\/logo\/image\/","url":false,"contentUrl":false,"width":118,"height":147,"caption":"Heilb\u00e4der und Kurh\u00e4user Schweiz"},"image":{"@id":"https:\/\/www.kuren.ch\/de\/#\/schema\/logo\/image\/"},"sameAs":["https:\/\/www.facebook.com\/KurenSchweiz\/","https:\/\/www.instagram.com\/heilbaeder_kurhaeuser\/"]}]}},"_links":{"self":[{"href":"https:\/\/www.kuren.ch\/de\/wp-json\/wp\/v2\/pages\/1366\/"}],"collection":[{"href":"https:\/\/www.kuren.ch\/de\/wp-json\/wp\/v2\/pages\/"}],"about":[{"href":"https:\/\/www.kuren.ch\/de\/wp-json\/wp\/v2\/types\/page\/"}],"author":[{"embeddable":true,"href":"https:\/\/www.kuren.ch\/de\/wp-json\/wp\/v2\/users\/43\/"}],"replies":[{"embeddable":true,"href":"https:\/\/www.kuren.ch\/de\/wp-json\/wp\/v2\/comments\/?post=1366"}],"version-history":[{"count":79,"href":"https:\/\/www.kuren.ch\/de\/wp-json\/wp\/v2\/pages\/1366\/revisions\/"}],"predecessor-version":[{"id":13349,"href":"https:\/\/www.kuren.ch\/de\/wp-json\/wp\/v2\/pages\/1366\/revisions\/13349\/"}],"up":[{"embeddable":true,"href":"https:\/\/www.kuren.ch\/de\/wp-json\/wp\/v2\/pages\/11\/"}],"wp:attachment":[{"href":"https:\/\/www.kuren.ch\/de\/wp-json\/wp\/v2\/media\/?parent=1366"}],"curies":[{"name":"wp","href":"https:\/\/api.w.org\/{rel}","templated":true}]}}