{"id":10873,"date":"2022-03-15T12:27:45","date_gmt":"2022-03-15T11:27:45","guid":{"rendered":"https:\/\/redesign.kuren.ch\/?page_id=10873"},"modified":"2022-03-25T17:22:38","modified_gmt":"2022-03-25T16:22:38","slug":"schweizer-kurhaeuser-im-ueberblick","status":"publish","type":"page","link":"https:\/\/www.kuren.ch\/de\/kurhaeuser\/","title":{"rendered":"Kurh\u00e4user"},"content":{"rendered":"<p>Mit einem Kuraufenthalt in unseren Kurh\u00e4usern finden Sie am schnellsten und am angenehmsten wieder in den Alltag zur\u00fcck. Unsere Mitglieder bieten die entsprechenden Therapien im passenden Hotel-Ambiente mit professioneller Betreuung in der richtigen Umgebung.<\/p>\n<p>&nbsp;<\/p>\n","protected":false},"excerpt":{"rendered":"<p>Mit einem Kuraufenthalt in unseren Kurh\u00e4usern finden Sie am schnellsten und am angenehmsten wieder in den Alltag zur\u00fcck. Unsere Mitglieder bieten die entsprechenden Therapien im passenden Hotel-Ambiente mit professioneller Betreuung in der richtigen Umgebung. &nbsp;<\/p>\n","protected":false},"author":43,"featured_media":0,"parent":0,"menu_order":0,"comment_status":"closed","ping_status":"closed","template":"t-category.php","meta":{"_acf_changed":false,"footnotes":""},"class_list":["post-10873","page","type-page","status-publish","hentry"],"acf":[],"yoast_head":"<!-- This site is optimized with the Yoast SEO plugin v27.3 - https:\/\/yoast.com\/product\/yoast-seo-wordpress\/ -->\n<title>Kurh\u00e4user - Heilb\u00e4der und Kurh\u00e4user Schweiz<\/title>\n<meta name=\"description\" content=\"Mit einem Kuraufenthalt in unseren Kurh\u00e4usern finden Sie am schnellsten und am angenehmsten wieder in den Alltag zur\u00fcck.\" \/>\n<meta name=\"robots\" content=\"index, follow, max-snippet:-1, max-image-preview:large, max-video-preview:-1\" \/>\n<link rel=\"canonical\" href=\"https:\/\/www.kuren.ch\/de\/kurhaeuser\/\" \/>\n<meta property=\"og:locale\" content=\"de_DE\" \/>\n<meta property=\"og:type\" content=\"article\" \/>\n<meta property=\"og:title\" content=\"Kurh\u00e4user - Heilb\u00e4der und Kurh\u00e4user Schweiz\" \/>\n<meta property=\"og:description\" content=\"Mit einem Kuraufenthalt in unseren Kurh\u00e4usern finden Sie am schnellsten und am angenehmsten wieder in den Alltag zur\u00fcck.\" \/>\n<meta property=\"og:url\" content=\"https:\/\/www.kuren.ch\/de\/kurhaeuser\/\" \/>\n<meta property=\"og:site_name\" content=\"Heilb\u00e4der und Kurh\u00e4user Schweiz\" \/>\n<meta property=\"article:publisher\" content=\"https:\/\/www.facebook.com\/KurenSchweiz\/\" \/>\n<meta property=\"article:modified_time\" content=\"2022-03-25T16:22:38+00:00\" \/>\n<meta name=\"twitter:card\" content=\"summary_large_image\" \/>\n<script type=\"application\/ld+json\" class=\"yoast-schema-graph\">{\"@context\":\"https:\\\/\\\/schema.org\",\"@graph\":[{\"@type\":\"WebPage\",\"@id\":\"https:\\\/\\\/www.kuren.ch\\\/de\\\/kurhaeuser\\\/\",\"url\":\"https:\\\/\\\/www.kuren.ch\\\/de\\\/kurhaeuser\\\/\",\"name\":\"Kurh\u00e4user - Heilb\u00e4der und Kurh\u00e4user Schweiz\",\"isPartOf\":{\"@id\":\"https:\\\/\\\/www.kuren.ch\\\/de\\\/#website\"},\"datePublished\":\"2022-03-15T11:27:45+00:00\",\"dateModified\":\"2022-03-25T16:22:38+00:00\",\"description\":\"Mit einem Kuraufenthalt in unseren Kurh\u00e4usern finden Sie am schnellsten und am angenehmsten wieder in den Alltag zur\u00fcck.\",\"breadcrumb\":{\"@id\":\"https:\\\/\\\/www.kuren.ch\\\/de\\\/kurhaeuser\\\/#breadcrumb\"},\"inLanguage\":\"de-DE\",\"potentialAction\":[{\"@type\":\"ReadAction\",\"target\":[\"https:\\\/\\\/www.kuren.ch\\\/de\\\/kurhaeuser\\\/\"]}]},{\"@type\":\"BreadcrumbList\",\"@id\":\"https:\\\/\\\/www.kuren.ch\\\/de\\\/kurhaeuser\\\/#breadcrumb\",\"itemListElement\":[{\"@type\":\"ListItem\",\"position\":1,\"name\":\"Startseite\",\"item\":\"https:\\\/\\\/www.kuren.ch\\\/de\\\/\"},{\"@type\":\"ListItem\",\"position\":2,\"name\":\"Kurh\u00e4user\"}]},{\"@type\":\"WebSite\",\"@id\":\"https:\\\/\\\/www.kuren.ch\\\/de\\\/#website\",\"url\":\"https:\\\/\\\/www.kuren.ch\\\/de\\\/\",\"name\":\"Heilb\u00e4der und Kurh\u00e4user Schweiz\",\"description\":\"Ihre direkte Verbindung zu mehr und neuer Lebensfreude\",\"publisher\":{\"@id\":\"https:\\\/\\\/www.kuren.ch\\\/de\\\/#organization\"},\"potentialAction\":[{\"@type\":\"SearchAction\",\"target\":{\"@type\":\"EntryPoint\",\"urlTemplate\":\"https:\\\/\\\/www.kuren.ch\\\/de\\\/?s={search_term_string}\"},\"query-input\":{\"@type\":\"PropertyValueSpecification\",\"valueRequired\":true,\"valueName\":\"search_term_string\"}}],\"inLanguage\":\"de-DE\"},{\"@type\":\"Organization\",\"@id\":\"https:\\\/\\\/www.kuren.ch\\\/de\\\/#organization\",\"name\":\"Heilb\u00e4der und Kurh\u00e4user Schweiz\",\"url\":\"https:\\\/\\\/www.kuren.ch\\\/de\\\/\",\"logo\":{\"@type\":\"ImageObject\",\"inLanguage\":\"de-DE\",\"@id\":\"https:\\\/\\\/www.kuren.ch\\\/de\\\/#\\\/schema\\\/logo\\\/image\\\/\",\"url\":false,\"contentUrl\":false,\"width\":118,\"height\":147,\"caption\":\"Heilb\u00e4der und Kurh\u00e4user Schweiz\"},\"image\":{\"@id\":\"https:\\\/\\\/www.kuren.ch\\\/de\\\/#\\\/schema\\\/logo\\\/image\\\/\"},\"sameAs\":[\"https:\\\/\\\/www.facebook.com\\\/KurenSchweiz\\\/\",\"https:\\\/\\\/www.instagram.com\\\/heilbaeder_kurhaeuser\\\/\"]}]}<\/script>\n<!-- \/ Yoast SEO plugin. -->","yoast_head_json":{"title":"Kurh\u00e4user - Heilb\u00e4der und Kurh\u00e4user Schweiz","description":"Mit einem Kuraufenthalt in unseren Kurh\u00e4usern finden Sie am schnellsten und am angenehmsten wieder in den Alltag zur\u00fcck.","robots":{"index":"index","follow":"follow","max-snippet":"max-snippet:-1","max-image-preview":"max-image-preview:large","max-video-preview":"max-video-preview:-1"},"canonical":"https:\/\/www.kuren.ch\/de\/kurhaeuser\/","og_locale":"de_DE","og_type":"article","og_title":"Kurh\u00e4user - Heilb\u00e4der und Kurh\u00e4user Schweiz","og_description":"Mit einem Kuraufenthalt in unseren Kurh\u00e4usern finden Sie am schnellsten und am angenehmsten wieder in den Alltag zur\u00fcck.","og_url":"https:\/\/www.kuren.ch\/de\/kurhaeuser\/","og_site_name":"Heilb\u00e4der und Kurh\u00e4user Schweiz","article_publisher":"https:\/\/www.facebook.com\/KurenSchweiz\/","article_modified_time":"2022-03-25T16:22:38+00:00","twitter_card":"summary_large_image","schema":{"@context":"https:\/\/schema.org","@graph":[{"@type":"WebPage","@id":"https:\/\/www.kuren.ch\/de\/kurhaeuser\/","url":"https:\/\/www.kuren.ch\/de\/kurhaeuser\/","name":"Kurh\u00e4user - Heilb\u00e4der und Kurh\u00e4user Schweiz","isPartOf":{"@id":"https:\/\/www.kuren.ch\/de\/#website"},"datePublished":"2022-03-15T11:27:45+00:00","dateModified":"2022-03-25T16:22:38+00:00","description":"Mit einem Kuraufenthalt in unseren Kurh\u00e4usern finden Sie am schnellsten und am angenehmsten wieder in den Alltag zur\u00fcck.","breadcrumb":{"@id":"https:\/\/www.kuren.ch\/de\/kurhaeuser\/#breadcrumb"},"inLanguage":"de-DE","potentialAction":[{"@type":"ReadAction","target":["https:\/\/www.kuren.ch\/de\/kurhaeuser\/"]}]},{"@type":"BreadcrumbList","@id":"https:\/\/www.kuren.ch\/de\/kurhaeuser\/#breadcrumb","itemListElement":[{"@type":"ListItem","position":1,"name":"Startseite","item":"https:\/\/www.kuren.ch\/de\/"},{"@type":"ListItem","position":2,"name":"Kurh\u00e4user"}]},{"@type":"WebSite","@id":"https:\/\/www.kuren.ch\/de\/#website","url":"https:\/\/www.kuren.ch\/de\/","name":"Heilb\u00e4der und Kurh\u00e4user Schweiz","description":"Ihre direkte Verbindung zu mehr und neuer Lebensfreude","publisher":{"@id":"https:\/\/www.kuren.ch\/de\/#organization"},"potentialAction":[{"@type":"SearchAction","target":{"@type":"EntryPoint","urlTemplate":"https:\/\/www.kuren.ch\/de\/?s={search_term_string}"},"query-input":{"@type":"PropertyValueSpecification","valueRequired":true,"valueName":"search_term_string"}}],"inLanguage":"de-DE"},{"@type":"Organization","@id":"https:\/\/www.kuren.ch\/de\/#organization","name":"Heilb\u00e4der und Kurh\u00e4user Schweiz","url":"https:\/\/www.kuren.ch\/de\/","logo":{"@type":"ImageObject","inLanguage":"de-DE","@id":"https:\/\/www.kuren.ch\/de\/#\/schema\/logo\/image\/","url":false,"contentUrl":false,"width":118,"height":147,"caption":"Heilb\u00e4der und Kurh\u00e4user Schweiz"},"image":{"@id":"https:\/\/www.kuren.ch\/de\/#\/schema\/logo\/image\/"},"sameAs":["https:\/\/www.facebook.com\/KurenSchweiz\/","https:\/\/www.instagram.com\/heilbaeder_kurhaeuser\/"]}]}},"_links":{"self":[{"href":"https:\/\/www.kuren.ch\/de\/wp-json\/wp\/v2\/pages\/10873\/"}],"collection":[{"href":"https:\/\/www.kuren.ch\/de\/wp-json\/wp\/v2\/pages\/"}],"about":[{"href":"https:\/\/www.kuren.ch\/de\/wp-json\/wp\/v2\/types\/page\/"}],"author":[{"embeddable":true,"href":"https:\/\/www.kuren.ch\/de\/wp-json\/wp\/v2\/users\/43\/"}],"replies":[{"embeddable":true,"href":"https:\/\/www.kuren.ch\/de\/wp-json\/wp\/v2\/comments\/?post=10873"}],"version-history":[{"count":5,"href":"https:\/\/www.kuren.ch\/de\/wp-json\/wp\/v2\/pages\/10873\/revisions\/"}],"predecessor-version":[{"id":11670,"href":"https:\/\/www.kuren.ch\/de\/wp-json\/wp\/v2\/pages\/10873\/revisions\/11670\/"}],"wp:attachment":[{"href":"https:\/\/www.kuren.ch\/de\/wp-json\/wp\/v2\/media\/?parent=10873"}],"curies":[{"name":"wp","href":"https:\/\/api.w.org\/{rel}","templated":true}]}}